{"id":192547,"date":"2021-12-06T11:52:10","date_gmt":"2021-12-06T10:52:10","guid":{"rendered":"https:\/\/www.ehandel.se\/forum\/?page_id=192547"},"modified":"2024-09-23T17:53:13","modified_gmt":"2024-09-23T15:53:13","slug":"om-oss","status":"publish","type":"page","link":"https:\/\/www.ehandel.se\/forum\/om-oss\/","title":{"rendered":"Om oss"},"content":{"rendered":"\t\t<div data-elementor-type=\"wp-page\" data-elementor-id=\"192547\" class=\"elementor elementor-192547\" data-elementor-post-type=\"page\">\n\t\t\t\t\t\t<section class=\"elementor-section elementor-top-section elementor-element elementor-element-35b2f4c elementor-section-boxed elementor-section-height-default elementor-section-height-default\" data-id=\"35b2f4c\" data-element_type=\"section\" data-e-type=\"section\">\n\t\t\t\t\t\t<div class=\"elementor-container elementor-column-gap-default\">\n\t\t\t\t\t<div class=\"elementor-column elementor-col-100 elementor-top-column elementor-element elementor-element-8b94e73\" data-id=\"8b94e73\" data-element_type=\"column\" data-e-type=\"column\" data-settings=\"{&quot;background_background&quot;:&quot;classic&quot;}\">\n\t\t\t<div class=\"elementor-widget-wrap elementor-element-populated\">\n\t\t\t\t\t\t<div class=\"elementor-element elementor-element-534b05d elementor-widget elementor-widget-heading\" data-id=\"534b05d\" data-element_type=\"widget\" data-e-type=\"widget\" data-widget_type=\"heading.default\">\n\t\t\t\t<div class=\"elementor-widget-container\">\n\t\t\t\t\t<p class=\"elementor-heading-title elementor-size-default\">Om oss<\/p>\t\t\t\t<\/div>\n\t\t\t\t<\/div>\n\t\t\t\t<div class=\"elementor-element elementor-element-0aa9aa1 elementor-widget elementor-widget-heading\" data-id=\"0aa9aa1\" data-element_type=\"widget\" data-e-type=\"widget\" data-widget_type=\"heading.default\">\n\t\t\t\t<div class=\"elementor-widget-container\">\n\t\t\t\t\t<h1 class=\"elementor-heading-title elementor-size-default\">Sveriges st\u00f6rsta e-handelsforum online<\/h1>\t\t\t\t<\/div>\n\t\t\t\t<\/div>\n\t\t\t\t<div class=\"elementor-element elementor-element-b63186d elementor-widget elementor-widget-text-editor\" data-id=\"b63186d\" data-element_type=\"widget\" data-e-type=\"widget\" data-widget_type=\"text-editor.default\">\n\t\t\t\t<div class=\"elementor-widget-container\">\n\t\t\t\t\t\t\t\t\t<p>V\u00e4lkommen till Ehandel Forum, Sveriges st\u00f6rsta e-handelsforum f\u00f6r diskussion och fr\u00e5gor om allt fr\u00e5n logistik och marknadsf\u00f6ring till betalsystem och plattformar. H\u00e4r samlas e-handelsentusiaster, f\u00f6retagare och experter f\u00f6r att diskutera allt som r\u00f6r e-handel \u2013 fr\u00e5n de stora strategiska fr\u00e5gorna till de sm\u00e5 praktiska detaljerna som g\u00f6r skillnad i din dagliga verksamhet.<\/p><p>P\u00e5 Ehandel Forum<span style=\"font-size: 16px;\"> hittar du diskussioner om en rad olika \u00e4mnen som \u00e4r avg\u00f6rande f\u00f6r framg\u00e5ngsrik e-handel. Vill du ha r\u00e5d om hur du kan optimera din logistik, l\u00e4ra dig mer om digital marknadsf\u00f6ring, eller f\u00e5 hj\u00e4lp med att v\u00e4lja r\u00e4tt betalsystem och e-handelsplattform? D\u00e5 har du kommit r\u00e4tt. V\u00e5rt forum \u00e4r fullt av tips, erfarenheter och kunskap fr\u00e5n b\u00e5de nyb\u00f6rjare och veteraner inom branschen.<\/span><\/p><p><span style=\"font-size: 16px;\">Med tusentals aktiva medlemmar \u00e4r Ehandel Forum en levande och engagerad plattform d\u00e4r du kan st\u00e4lla fr\u00e5gor, dela erfarenheter och n\u00e4tverka med andra som delar ditt intresse f\u00f6r e-handel. H\u00e4r kan du h\u00e5lla dig uppdaterad om de senaste trenderna, teknikerna och verktygen som kan hj\u00e4lpa dig att v\u00e4xa ditt f\u00f6retag.<\/span><\/p><p>Oavsett om du precis har startat din e-handelsresa<span style=\"font-size: 16px;\">, eller om du \u00e4r en erfaren entrepren\u00f6r som vill finjustera din verksamhet, erbjuder Ehandel Forum en \u00f6ppen och v\u00e4lkomnande milj\u00f6 d\u00e4r alla kan bidra och dra nytta av varandras insikter. <\/span>Vi str\u00e4var efter att h\u00e5lla diskussionerna professionella, hj\u00e4lpsamma och inspirerande. V\u00e5ra administrat\u00f6rer och moderatorer finns till hands f\u00f6r att se till att alla inl\u00e4gg f\u00f6ljer v\u00e5ra riktlinjer och att forumet f\u00f6rblir en trygg plats f\u00f6r b\u00e5de diskussion och l\u00e4rande. <a href=\"http:\/\/ehandel.se\/forum\/forumregler\/\">L\u00e4s mer om v\u00e5ra community regler h\u00e4r!<\/a><\/p><p>V\u00e4lkommen att delta i samtalen, st\u00e4lla fr\u00e5gor och dela med dig av dina erfarenheter!<\/p>\t\t\t\t\t\t\t\t<\/div>\n\t\t\t\t<\/div>\n\t\t\t\t\t<\/div>\n\t\t<\/div>\n\t\t\t\t\t<\/div>\n\t\t<\/section>\n\t\t\t\t<\/div>\n\t\t","protected":false},"excerpt":{"rendered":"<p>Om oss Sveriges st\u00f6rsta e-handelsforum online V\u00e4lkommen till Ehandel Forum, Sveriges st\u00f6rsta e-handelsforum f\u00f6r diskussion och fr\u00e5gor om allt fr\u00e5n [&hellip;]<\/p>\n","protected":false},"author":35846,"featured_media":0,"parent":0,"menu_order":0,"comment_status":"closed","ping_status":"closed","template":"elementor_header_footer","meta":{"_bbp_topic_count":0,"_bbp_reply_count":0,"_bbp_total_topic_count":0,"_bbp_total_reply_count":0,"_bbp_voice_count":0,"_bbp_anonymous_reply_count":0,"_bbp_topic_count_hidden":0,"_bbp_reply_count_hidden":0,"_bbp_forum_subforum_count":0,"site-sidebar-layout":"no-sidebar","site-content-layout":"page-builder","ast-site-content-layout":"full-width-container","site-content-style":"unboxed","site-sidebar-style":"unboxed","ast-global-header-display":"","ast-banner-title-visibility":"","ast-main-header-display":"","ast-hfb-above-header-display":"","ast-hfb-below-header-display":"","ast-hfb-mobile-header-display":"","site-post-title":"disabled","ast-breadcrumbs-content":"","ast-featured-img":"disabled","footer-sml-layout":"","ast-disable-related-posts":"","theme-transparent-header-meta":"","adv-header-id-meta":"","stick-header-meta":"","header-above-stick-meta":"","header-main-stick-meta":"","header-below-stick-meta":"","astra-migrate-meta-layouts":"set","ast-page-background-enabled":"default","ast-page-background-meta":{"desktop":{"background-color":"","background-image":"","background-repeat":"repeat","background-position":"center center","background-size":"auto","background-attachment":"scroll","background-type":"","background-media":"","overlay-type":"","overlay-color":"","overlay-opacity":"","overlay-gradient":""},"tablet":{"background-color":"","background-image":"","background-repeat":"repeat","background-position":"center center","background-size":"auto","background-attachment":"scroll","background-type":"","background-media":"","overlay-type":"","overlay-color":"","overlay-opacity":"","overlay-gradient":""},"mobile":{"background-color":"","background-image":"","background-repeat":"repeat","background-position":"center center","background-size":"auto","background-attachment":"scroll","background-type":"","background-media":"","overlay-type":"","overlay-color":"","overlay-opacity":"","overlay-gradient":""}},"ast-content-background-meta":{"desktop":{"background-color":"var(--ast-global-color-5)","background-image":"","background-repeat":"repeat","background-position":"center center","background-size":"auto","background-attachment":"scroll","background-type":"","background-media":"","overlay-type":"","overlay-color":"","overlay-opacity":"","overlay-gradient":""},"tablet":{"background-color":"var(--ast-global-color-5)","background-image":"","background-repeat":"repeat","background-position":"center center","background-size":"auto","background-attachment":"scroll","background-type":"","background-media":"","overlay-type":"","overlay-color":"","overlay-opacity":"","overlay-gradient":""},"mobile":{"background-color":"var(--ast-global-color-5)","background-image":"","background-repeat":"repeat","background-position":"center center","background-size":"auto","background-attachment":"scroll","background-type":"","background-media":"","overlay-type":"","overlay-color":"","overlay-opacity":"","overlay-gradient":""}},"footnotes":""},"class_list":["post-192547","page","type-page","status-publish","hentry"],"yoast_head":"<!-- This site is optimized with the Yoast SEO plugin v27.4 - https:\/\/yoast.com\/product\/yoast-seo-wordpress\/ -->\n<title>Om oss - Ehandel Forum<\/title>\n<meta name=\"robots\" content=\"index, follow, max-snippet:-1, max-image-preview:large, max-video-preview:-1\" \/>\n<link rel=\"canonical\" href=\"https:\/\/www.ehandel.se\/forum\/om-oss\/\" \/>\n<meta property=\"og:locale\" content=\"sv_SE\" \/>\n<meta property=\"og:type\" content=\"article\" \/>\n<meta property=\"og:title\" content=\"Om oss - Ehandel Forum\" \/>\n<meta property=\"og:description\" content=\"Om oss Sveriges st\u00f6rsta e-handelsforum online V\u00e4lkommen till Ehandel Forum, Sveriges st\u00f6rsta e-handelsforum f\u00f6r diskussion och fr\u00e5gor om allt fr\u00e5n [&hellip;]\" \/>\n<meta property=\"og:url\" content=\"https:\/\/www.ehandel.se\/forum\/om-oss\/\" \/>\n<meta property=\"og:site_name\" content=\"Ehandel Forum\" \/>\n<meta property=\"article:modified_time\" content=\"2024-09-23T15:53:13+00:00\" \/>\n<meta property=\"og:image\" content=\"https:\/\/www.ehandel.se\/forum\/wp-content\/uploads\/2022\/01\/Featured-image-Ehandel-Plus.jpg\" \/>\n\t<meta property=\"og:image:width\" content=\"2500\" \/>\n\t<meta property=\"og:image:height\" content=\"1308\" \/>\n\t<meta property=\"og:image:type\" content=\"image\/jpeg\" \/>\n<meta name=\"twitter:card\" content=\"summary_large_image\" \/>\n<meta name=\"twitter:image\" content=\"https:\/\/www.ehandel.se\/forum\/wp-content\/uploads\/2022\/01\/Featured-image-Ehandel-Plus.jpg\" \/>\n<meta name=\"twitter:label1\" content=\"Ber\u00e4knad l\u00e4stid\" \/>\n\t<meta name=\"twitter:data1\" content=\"2 minuter\" \/>\n<script type=\"application\/ld+json\" class=\"yoast-schema-graph\">{\"@context\":\"https:\\\/\\\/schema.org\",\"@graph\":[{\"@type\":\"WebPage\",\"@id\":\"https:\\\/\\\/www.ehandel.se\\\/forum\\\/om-oss\\\/\",\"url\":\"https:\\\/\\\/www.ehandel.se\\\/forum\\\/om-oss\\\/\",\"name\":\"Om oss - Ehandel Forum\",\"isPartOf\":{\"@id\":\"https:\\\/\\\/www.ehandel.se\\\/forum\\\/#website\"},\"datePublished\":\"2021-12-06T10:52:10+00:00\",\"dateModified\":\"2024-09-23T15:53:13+00:00\",\"breadcrumb\":{\"@id\":\"https:\\\/\\\/www.ehandel.se\\\/forum\\\/om-oss\\\/#breadcrumb\"},\"inLanguage\":\"sv-SE\",\"potentialAction\":[{\"@type\":\"ReadAction\",\"target\":[\"https:\\\/\\\/www.ehandel.se\\\/forum\\\/om-oss\\\/\"]}]},{\"@type\":\"BreadcrumbList\",\"@id\":\"https:\\\/\\\/www.ehandel.se\\\/forum\\\/om-oss\\\/#breadcrumb\",\"itemListElement\":[{\"@type\":\"ListItem\",\"position\":1,\"name\":\"Hem\",\"item\":\"https:\\\/\\\/www.ehandel.se\\\/forum\\\/\"},{\"@type\":\"ListItem\",\"position\":2,\"name\":\"Om oss\"}]},{\"@type\":\"WebSite\",\"@id\":\"https:\\\/\\\/www.ehandel.se\\\/forum\\\/#website\",\"url\":\"https:\\\/\\\/www.ehandel.se\\\/forum\\\/\",\"name\":\"Ehandel Forum\",\"description\":\"M\u00f6tesplatsen f\u00f6r den svenska e-handeln\",\"publisher\":{\"@id\":\"https:\\\/\\\/www.ehandel.se\\\/forum\\\/#organization\"},\"potentialAction\":[{\"@type\":\"SearchAction\",\"target\":{\"@type\":\"EntryPoint\",\"urlTemplate\":\"https:\\\/\\\/www.ehandel.se\\\/forum\\\/?s={search_term_string}\"},\"query-input\":{\"@type\":\"PropertyValueSpecification\",\"valueRequired\":true,\"valueName\":\"search_term_string\"}}],\"inLanguage\":\"sv-SE\"},{\"@type\":\"Organization\",\"@id\":\"https:\\\/\\\/www.ehandel.se\\\/forum\\\/#organization\",\"name\":\"Ehandel Plus\",\"url\":\"https:\\\/\\\/www.ehandel.se\\\/forum\\\/\",\"logo\":{\"@type\":\"ImageObject\",\"inLanguage\":\"sv-SE\",\"@id\":\"https:\\\/\\\/www.ehandel.se\\\/forum\\\/#\\\/schema\\\/logo\\\/image\\\/\",\"url\":\"https:\\\/\\\/www.ehandel.se\\\/forum\\\/wp-content\\\/uploads\\\/2022\\\/01\\\/Ehandel_plus_header_logo.png\",\"contentUrl\":\"https:\\\/\\\/www.ehandel.se\\\/forum\\\/wp-content\\\/uploads\\\/2022\\\/01\\\/Ehandel_plus_header_logo.png\",\"width\":2560,\"height\":398,\"caption\":\"Ehandel Plus\"},\"image\":{\"@id\":\"https:\\\/\\\/www.ehandel.se\\\/forum\\\/#\\\/schema\\\/logo\\\/image\\\/\"}}]}<\/script>\n<!-- \/ Yoast SEO plugin. -->","yoast_head_json":{"title":"Om oss - Ehandel Forum","robots":{"index":"index","follow":"follow","max-snippet":"max-snippet:-1","max-image-preview":"max-image-preview:large","max-video-preview":"max-video-preview:-1"},"canonical":"https:\/\/www.ehandel.se\/forum\/om-oss\/","og_locale":"sv_SE","og_type":"article","og_title":"Om oss - Ehandel Forum","og_description":"Om oss Sveriges st\u00f6rsta e-handelsforum online V\u00e4lkommen till Ehandel Forum, Sveriges st\u00f6rsta e-handelsforum f\u00f6r diskussion och fr\u00e5gor om allt fr\u00e5n [&hellip;]","og_url":"https:\/\/www.ehandel.se\/forum\/om-oss\/","og_site_name":"Ehandel Forum","article_modified_time":"2024-09-23T15:53:13+00:00","og_image":[{"width":2500,"height":1308,"url":"https:\/\/www.ehandel.se\/forum\/wp-content\/uploads\/2022\/01\/Featured-image-Ehandel-Plus.jpg","type":"image\/jpeg"}],"twitter_card":"summary_large_image","twitter_image":"https:\/\/www.ehandel.se\/forum\/wp-content\/uploads\/2022\/01\/Featured-image-Ehandel-Plus.jpg","twitter_misc":{"Ber\u00e4knad l\u00e4stid":"2 minuter"},"schema":{"@context":"https:\/\/schema.org","@graph":[{"@type":"WebPage","@id":"https:\/\/www.ehandel.se\/forum\/om-oss\/","url":"https:\/\/www.ehandel.se\/forum\/om-oss\/","name":"Om oss - Ehandel Forum","isPartOf":{"@id":"https:\/\/www.ehandel.se\/forum\/#website"},"datePublished":"2021-12-06T10:52:10+00:00","dateModified":"2024-09-23T15:53:13+00:00","breadcrumb":{"@id":"https:\/\/www.ehandel.se\/forum\/om-oss\/#breadcrumb"},"inLanguage":"sv-SE","potentialAction":[{"@type":"ReadAction","target":["https:\/\/www.ehandel.se\/forum\/om-oss\/"]}]},{"@type":"BreadcrumbList","@id":"https:\/\/www.ehandel.se\/forum\/om-oss\/#breadcrumb","itemListElement":[{"@type":"ListItem","position":1,"name":"Hem","item":"https:\/\/www.ehandel.se\/forum\/"},{"@type":"ListItem","position":2,"name":"Om oss"}]},{"@type":"WebSite","@id":"https:\/\/www.ehandel.se\/forum\/#website","url":"https:\/\/www.ehandel.se\/forum\/","name":"Ehandel Forum","description":"M\u00f6tesplatsen f\u00f6r den svenska e-handeln","publisher":{"@id":"https:\/\/www.ehandel.se\/forum\/#organization"},"potentialAction":[{"@type":"SearchAction","target":{"@type":"EntryPoint","urlTemplate":"https:\/\/www.ehandel.se\/forum\/?s={search_term_string}"},"query-input":{"@type":"PropertyValueSpecification","valueRequired":true,"valueName":"search_term_string"}}],"inLanguage":"sv-SE"},{"@type":"Organization","@id":"https:\/\/www.ehandel.se\/forum\/#organization","name":"Ehandel Plus","url":"https:\/\/www.ehandel.se\/forum\/","logo":{"@type":"ImageObject","inLanguage":"sv-SE","@id":"https:\/\/www.ehandel.se\/forum\/#\/schema\/logo\/image\/","url":"https:\/\/www.ehandel.se\/forum\/wp-content\/uploads\/2022\/01\/Ehandel_plus_header_logo.png","contentUrl":"https:\/\/www.ehandel.se\/forum\/wp-content\/uploads\/2022\/01\/Ehandel_plus_header_logo.png","width":2560,"height":398,"caption":"Ehandel Plus"},"image":{"@id":"https:\/\/www.ehandel.se\/forum\/#\/schema\/logo\/image\/"}}]}},"_links":{"self":[{"href":"https:\/\/www.ehandel.se\/forum\/wp-json\/wp\/v2\/pages\/192547","targetHints":{"allow":["GET"]}}],"collection":[{"href":"https:\/\/www.ehandel.se\/forum\/wp-json\/wp\/v2\/pages"}],"about":[{"href":"https:\/\/www.ehandel.se\/forum\/wp-json\/wp\/v2\/types\/page"}],"author":[{"embeddable":true,"href":"https:\/\/www.ehandel.se\/forum\/wp-json\/wp\/v2\/users\/35846"}],"replies":[{"embeddable":true,"href":"https:\/\/www.ehandel.se\/forum\/wp-json\/wp\/v2\/comments?post=192547"}],"version-history":[{"count":0,"href":"https:\/\/www.ehandel.se\/forum\/wp-json\/wp\/v2\/pages\/192547\/revisions"}],"wp:attachment":[{"href":"https:\/\/www.ehandel.se\/forum\/wp-json\/wp\/v2\/media?parent=192547"}],"curies":[{"name":"wp","href":"https:\/\/api.w.org\/{rel}","templated":true}]}}